{"id":664,"date":"2020-10-13T11:15:37","date_gmt":"2020-10-13T11:15:37","guid":{"rendered":"http:\/\/nerb.team\/?page_id=664"},"modified":"2025-11-04T14:59:48","modified_gmt":"2025-11-04T14:59:48","slug":"lizbeth-mg","status":"publish","type":"page","link":"https:\/\/nerb.team\/index.php\/lizbeth-mg\/","title":{"rendered":"Lizbeth Mondragon-Gonzalez"},"content":{"rendered":"\t\t<div data-elementor-type=\"wp-page\" data-elementor-id=\"664\" class=\"elementor elementor-664\">\n\t\t\t\t\t\t<section class=\"elementor-section elementor-top-section elementor-element elementor-element-10e1518b elementor-section-content-middle elementor-section-height-min-height elementor-section-boxed elementor-section-height-default elementor-section-items-middle\" data-id=\"10e1518b\" data-element_type=\"section\" data-e-type=\"section\">\n\t\t\t\t\t\t<div class=\"elementor-container elementor-column-gap-no\">\n\t\t\t\t\t<div class=\"elementor-column elementor-col-50 elementor-top-column elementor-element elementor-element-49478ae4\" data-id=\"49478ae4\" data-element_type=\"column\" data-e-type=\"column\">\n\t\t\t<div class=\"elementor-widget-wrap elementor-element-populated\">\n\t\t\t\t\t\t<div class=\"elementor-element elementor-element-6c44bf69 elementor-widget elementor-widget-image\" data-id=\"6c44bf69\" data-element_type=\"widget\" data-e-type=\"widget\" data-widget_type=\"image.default\">\n\t\t\t\t<div class=\"elementor-widget-container\">\n\t\t\t\t\t\t\t\t\t\t\t\t\t\t\t<img fetchpriority=\"high\" decoding=\"async\" width=\"300\" height=\"300\" src=\"https:\/\/i0.wp.com\/nerb.team\/wp-content\/uploads\/2021\/03\/LiwProfil.png?fit=300%2C300&amp;ssl=1\" class=\"attachment-medium size-medium wp-image-844\" alt=\"\" srcset=\"https:\/\/i0.wp.com\/nerb.team\/wp-content\/uploads\/2021\/03\/LiwProfil.png?resize=300%2C300&amp;ssl=1 300w, https:\/\/i0.wp.com\/nerb.team\/wp-content\/uploads\/2021\/03\/LiwProfil.png?resize=150%2C150&amp;ssl=1 150w, https:\/\/i0.wp.com\/nerb.team\/wp-content\/uploads\/2021\/03\/LiwProfil.png?zoom=2&amp;resize=300%2C300&amp;ssl=1 600w\" sizes=\"(max-width: 300px) 100vw, 300px\" \/>\t\t\t\t\t\t\t\t\t\t\t\t\t\t\t<\/div>\n\t\t\t\t<\/div>\n\t\t\t\t\t<\/div>\n\t\t<\/div>\n\t\t\t\t<div class=\"elementor-column elementor-col-50 elementor-top-column elementor-element elementor-element-323a5350\" data-id=\"323a5350\" data-element_type=\"column\" data-e-type=\"column\">\n\t\t\t<div class=\"elementor-widget-wrap elementor-element-populated\">\n\t\t\t\t\t\t<div class=\"elementor-element elementor-element-4cb4e75f elementor-widget elementor-widget-heading\" data-id=\"4cb4e75f\" data-element_type=\"widget\" data-e-type=\"widget\" data-widget_type=\"heading.default\">\n\t\t\t\t<div class=\"elementor-widget-container\">\n\t\t\t\t\t<h3 class=\"elementor-heading-title elementor-size-default\">Lead Data Scientist (Neurosciences + Digital Health) |  Applied AI Research Engineer<\/h3>\t\t\t\t<\/div>\n\t\t\t\t<\/div>\n\t\t\t\t<div class=\"elementor-element elementor-element-387be6fd elementor-widget elementor-widget-text-editor\" data-id=\"387be6fd\" data-element_type=\"widget\" data-e-type=\"widget\" data-widget_type=\"text-editor.default\">\n\t\t\t\t<div class=\"elementor-widget-container\">\n\t\t\t\t\t\t\t\t\t<p><b>e-mail<\/b>: sirenia.mondragon (at) icm-institute.org<\/p>\t\t\t\t\t\t\t\t<\/div>\n\t\t\t\t<\/div>\n\t\t\t\t\t<\/div>\n\t\t<\/div>\n\t\t\t\t\t<\/div>\n\t\t<\/section>\n\t\t\t\t<section class=\"elementor-section elementor-top-section elementor-element elementor-element-2975389 elementor-section-boxed elementor-section-height-default elementor-section-height-default\" data-id=\"2975389\" data-element_type=\"section\" data-e-type=\"section\">\n\t\t\t\t\t\t<div class=\"elementor-container elementor-column-gap-default\">\n\t\t\t\t\t<div class=\"elementor-column elementor-col-100 elementor-top-column elementor-element elementor-element-95b3887\" data-id=\"95b3887\" data-element_type=\"column\" data-e-type=\"column\">\n\t\t\t<div class=\"elementor-widget-wrap elementor-element-populated\">\n\t\t\t\t\t\t<div class=\"elementor-element elementor-element-9a811e4 elementor-widget elementor-widget-text-editor\" data-id=\"9a811e4\" data-element_type=\"widget\" data-e-type=\"widget\" data-widget_type=\"text-editor.default\">\n\t\t\t\t<div class=\"elementor-widget-container\">\n\t\t\t\t\t\t\t\t\t<p>I am an applied research engineer and lead data scientist (neuroscience + digital health) , who was initially trained as an engineer in <u>mechatronics and robotics<\/u> (double degree) with a background in a<u>rtificial intelligence<\/u> (AI), and who later turned to <u>neuroscience and digital health<\/u>.<\/p><p><span class=\"a_GcMg\">I work at the\u00a0<\/span><span class=\"a_GcMg\">intersection of neuroscience and digital health<\/span><span class=\"a_GcMg\">,<\/span><span class=\"a_GcMg\">\u00a0designing AI\/ML systems that transform\u00a0<\/span><span class=\"a_GcMg\">diverse data<\/span><span class=\"a_GcMg\">: from brain signals and imaging to pose-based video analysis, wearable sensors, and clinical records into insights that advance research and improve patient care. I lead projects from concept to implementation, bridging research and technology to build scalable, human-centered solutions.<\/span><\/p><p><u>Click the button<\/u> to visit my website, where you&#8217;ll find my <b>CV, publications, portfolio, and contributions to the field.\u00a0<\/b><\/p>\t\t\t\t\t\t\t\t<\/div>\n\t\t\t\t<\/div>\n\t\t\t\t<div class=\"elementor-element elementor-element-0ebcf9d elementor-button-info elementor-align-center elementor-widget elementor-widget-button\" data-id=\"0ebcf9d\" data-element_type=\"widget\" data-e-type=\"widget\" data-widget_type=\"button.default\">\n\t\t\t\t<div class=\"elementor-widget-container\">\n\t\t\t\t\t\t\t\t\t<div class=\"elementor-button-wrapper\">\n\t\t\t\t\t<a class=\"elementor-button elementor-button-link elementor-size-sm\" href=\"https:\/\/lizbeth-mg.me\/\">\n\t\t\t\t\t\t<span class=\"elementor-button-content-wrapper\">\n\t\t\t\t\t\t<span class=\"elementor-button-icon\">\n\t\t\t\t<i aria-hidden=\"true\" class=\"fas fa-rocket\"><\/i>\t\t\t<\/span>\n\t\t\t\t\t\t\t\t\t<span class=\"elementor-button-text\">Click here !<\/span>\n\t\t\t\t\t<\/span>\n\t\t\t\t\t<\/a>\n\t\t\t\t<\/div>\n\t\t\t\t\t\t\t\t<\/div>\n\t\t\t\t<\/div>\n\t\t\t\t<div class=\"elementor-element elementor-element-3f44fa6 elementor-widget-divider--view-line elementor-widget elementor-widget-divider\" data-id=\"3f44fa6\" data-element_type=\"widget\" data-e-type=\"widget\" data-widget_type=\"divider.default\">\n\t\t\t\t<div class=\"elementor-widget-container\">\n\t\t\t\t\t\t\t<div class=\"elementor-divider\">\n\t\t\t<span class=\"elementor-divider-separator\">\n\t\t\t\t\t\t<\/span>\n\t\t<\/div>\n\t\t\t\t\t\t<\/div>\n\t\t\t\t<\/div>\n\t\t\t\t<div class=\"elementor-element elementor-element-c85202d elementor-widget elementor-widget-text-editor\" data-id=\"c85202d\" data-element_type=\"widget\" data-e-type=\"widget\" data-widget_type=\"text-editor.default\">\n\t\t\t\t<div class=\"elementor-widget-container\">\n\t\t\t\t\t\t\t\t\t<h3>Publications and patents<\/h3><h4>Peer-reviewed journals<\/h4><ul><li>[8] Mondrag\u00f3n-Gonz\u00e1lez, S.L., Schreiweis, C. &amp; Burgui\u00e8re, E. (2024). Closed-loop<br \/>recruitment of striatal interneurons prevents compulsions<br \/><strong>Nature Neuroscience<\/strong> (2024)<\/li><li>[7] Lamothe, H., Schreiweis, C., Mondrag\u00f3n-Gonz\u00e1lez, S.L., Rebbah, S., Lavielle, O.,<br \/>Mallet, L., &amp; Burgui\u00e8re, E. (2023). The Sapap3\u2212\/\u2212 mouse reconsidered as a comorbid<br \/>model expressing a spectrum of pathological repetitive behaviours.<br \/>Translational Psychiatry, 13(1), 26.<\/li><li>[6] Mondrag\u00f3n-Gonz\u00e1lez, S. L., &amp; Burgui\u00e8re, E. (2017). Bio-inspired benchmark generator<br \/>for extracellular multi-unit recordings. Scientific reports, 7(1), 43253.<\/li><li>[5] Mu\u00f1iz-Hern\u00e1ndez, S., Gonz\u00e1lez del Carmen, M., Mondrag\u00f3n, M., Mercier, C.,<br \/>Cesbron, M. F., Mondrag\u00f3n-Gonz\u00e1lez, S.L &amp; Mondrag\u00f3n, R. (2011). Contribution of<br \/>the residual body in the spatial organization of Toxoplasma gondii tachyzoites within the parasitophorous vacuole. BioMed Research International, vol 2011.<\/li><\/ul><h4>Patent<\/h4><ul><li>[4] Mondrag\u00f3n-Gonz\u00e1lez, S. L., &amp; Burgui\u00e8re, E. Brevet europ\u00e9en (2022)<br \/>no. 22 305 177.2 Method and device for physiological signal processing.<\/li><\/ul><h4>Book Chapter<\/h4><ul><li>[3] Mondrag\u00f3n-Gonz\u00e1lez, S. L., Burgui\u00e8re, E., &amp; N\u2019diaye, K. (2023). Mobile Devices,<br \/>Connected Objects, and Sensors. Machine Learning for Brain Disorders, 355-388.<\/li><\/ul><h4>Pre-print<\/h4><ul><li>[2] Mondrag\u00f3n-Gonz\u00e1lez, S. L., Schreiweis C, C., &amp; Burgui\u00e8re E, E. (2022). Closed-loop<br \/>recruitment of striatal parvalbumin interneurons prevents the onset of compulsive<br \/>behaviours. bioRxiv, 2022-01.<\/li><\/ul><h4>Doctoral dissertation<\/h4><ul><li>[1] Mondrag\u00f3n-Gonz\u00e1lez, S. L.(2019) Combining a real-time closed-loop system withneuromodulation: and integrative approach to prevent pathodological repetitivebahviours. Sorbonne Universit\u00e9<\/li><\/ul>\t\t\t\t\t\t\t\t<\/div>\n\t\t\t\t<\/div>\n\t\t\t\t\t<\/div>\n\t\t<\/div>\n\t\t\t\t\t<\/div>\n\t\t<\/section>\n\t\t\t\t<\/div>\n\t\t","protected":false},"excerpt":{"rendered":"<p>Lead Data Scientist (Neurosciences + Digital Health) | Applied AI Research Engineer e-mail: sirenia.mondragon (at) icm-institute.org I am an applied research engineer [&hellip;]<\/p>\n","protected":false},"author":3,"featured_media":0,"parent":0,"menu_order":0,"comment_status":"closed","ping_status":"closed","template":"page-templates\/page_fullwidth.php","meta":{"footnotes":""},"class_list":["post-664","page","type-page","status-publish","hentry"],"yoast_head":"<!-- This site is optimized with the Yoast SEO plugin v27.5 - https:\/\/yoast.com\/product\/yoast-seo-wordpress\/ -->\n<title>Lizbeth Mondragon-Gonzalez - NERB<\/title>\n<meta name=\"robots\" content=\"index, follow, max-snippet:-1, max-image-preview:large, max-video-preview:-1\" \/>\n<link rel=\"canonical\" href=\"https:\/\/nerb.team\/index.php\/lizbeth-mg\/\" \/>\n<meta property=\"og:locale\" content=\"en_US\" \/>\n<meta property=\"og:type\" content=\"article\" \/>\n<meta property=\"og:title\" content=\"Lizbeth Mondragon-Gonzalez - NERB\" \/>\n<meta property=\"og:description\" content=\"Lead Data Scientist (Neurosciences + Digital Health) | Applied AI Research Engineer e-mail: sirenia.mondragon (at) icm-institute.org I am an applied research engineer [&hellip;]\" \/>\n<meta property=\"og:url\" content=\"https:\/\/nerb.team\/index.php\/lizbeth-mg\/\" \/>\n<meta property=\"og:site_name\" content=\"NERB\" \/>\n<meta property=\"article:modified_time\" content=\"2025-11-04T14:59:48+00:00\" \/>\n<meta property=\"og:image\" content=\"http:\/\/nerb.team\/wp-content\/uploads\/2021\/03\/LiwProfil-300x300.png\" \/>\n<meta name=\"twitter:card\" content=\"summary_large_image\" \/>\n<meta name=\"twitter:label1\" content=\"Est. reading time\" \/>\n\t<meta name=\"twitter:data1\" content=\"2 minutes\" \/>\n<script type=\"application\/ld+json\" class=\"yoast-schema-graph\">{\"@context\":\"https:\\\/\\\/schema.org\",\"@graph\":[{\"@type\":\"WebPage\",\"@id\":\"https:\\\/\\\/nerb.team\\\/index.php\\\/lizbeth-mg\\\/\",\"url\":\"https:\\\/\\\/nerb.team\\\/index.php\\\/lizbeth-mg\\\/\",\"name\":\"Lizbeth Mondragon-Gonzalez - NERB\",\"isPartOf\":{\"@id\":\"https:\\\/\\\/nerb.team\\\/#website\"},\"primaryImageOfPage\":{\"@id\":\"https:\\\/\\\/nerb.team\\\/index.php\\\/lizbeth-mg\\\/#primaryimage\"},\"image\":{\"@id\":\"https:\\\/\\\/nerb.team\\\/index.php\\\/lizbeth-mg\\\/#primaryimage\"},\"thumbnailUrl\":\"http:\\\/\\\/nerb.team\\\/wp-content\\\/uploads\\\/2021\\\/03\\\/LiwProfil-300x300.png\",\"datePublished\":\"2020-10-13T11:15:37+00:00\",\"dateModified\":\"2025-11-04T14:59:48+00:00\",\"breadcrumb\":{\"@id\":\"https:\\\/\\\/nerb.team\\\/index.php\\\/lizbeth-mg\\\/#breadcrumb\"},\"inLanguage\":\"en-US\",\"potentialAction\":[{\"@type\":\"ReadAction\",\"target\":[\"https:\\\/\\\/nerb.team\\\/index.php\\\/lizbeth-mg\\\/\"]}]},{\"@type\":\"ImageObject\",\"inLanguage\":\"en-US\",\"@id\":\"https:\\\/\\\/nerb.team\\\/index.php\\\/lizbeth-mg\\\/#primaryimage\",\"url\":\"http:\\\/\\\/nerb.team\\\/wp-content\\\/uploads\\\/2021\\\/03\\\/LiwProfil-300x300.png\",\"contentUrl\":\"http:\\\/\\\/nerb.team\\\/wp-content\\\/uploads\\\/2021\\\/03\\\/LiwProfil-300x300.png\"},{\"@type\":\"BreadcrumbList\",\"@id\":\"https:\\\/\\\/nerb.team\\\/index.php\\\/lizbeth-mg\\\/#breadcrumb\",\"itemListElement\":[{\"@type\":\"ListItem\",\"position\":1,\"name\":\"Home\",\"item\":\"https:\\\/\\\/nerb.team\\\/\"},{\"@type\":\"ListItem\",\"position\":2,\"name\":\"Lizbeth Mondragon-Gonzalez\"}]},{\"@type\":\"WebSite\",\"@id\":\"https:\\\/\\\/nerb.team\\\/#website\",\"url\":\"https:\\\/\\\/nerb.team\\\/\",\"name\":\"NERB\",\"description\":\"Neurophysiology of Repetitive Behaviors\",\"publisher\":{\"@id\":\"https:\\\/\\\/nerb.team\\\/#organization\"},\"potentialAction\":[{\"@type\":\"SearchAction\",\"target\":{\"@type\":\"EntryPoint\",\"urlTemplate\":\"https:\\\/\\\/nerb.team\\\/?s={search_term_string}\"},\"query-input\":{\"@type\":\"PropertyValueSpecification\",\"valueRequired\":true,\"valueName\":\"search_term_string\"}}],\"inLanguage\":\"en-US\"},{\"@type\":\"Organization\",\"@id\":\"https:\\\/\\\/nerb.team\\\/#organization\",\"name\":\"NERB\",\"url\":\"https:\\\/\\\/nerb.team\\\/\",\"logo\":{\"@type\":\"ImageObject\",\"inLanguage\":\"en-US\",\"@id\":\"https:\\\/\\\/nerb.team\\\/#\\\/schema\\\/logo\\\/image\\\/\",\"url\":\"https:\\\/\\\/i0.wp.com\\\/nerb.team\\\/wp-content\\\/uploads\\\/2020\\\/03\\\/NERBlogo-e1583935714512.png?fit=735%2C328&ssl=1\",\"contentUrl\":\"https:\\\/\\\/i0.wp.com\\\/nerb.team\\\/wp-content\\\/uploads\\\/2020\\\/03\\\/NERBlogo-e1583935714512.png?fit=735%2C328&ssl=1\",\"width\":735,\"height\":328,\"caption\":\"NERB\"},\"image\":{\"@id\":\"https:\\\/\\\/nerb.team\\\/#\\\/schema\\\/logo\\\/image\\\/\"}}]}<\/script>\n<!-- \/ Yoast SEO plugin. -->","yoast_head_json":{"title":"Lizbeth Mondragon-Gonzalez - NERB","robots":{"index":"index","follow":"follow","max-snippet":"max-snippet:-1","max-image-preview":"max-image-preview:large","max-video-preview":"max-video-preview:-1"},"canonical":"https:\/\/nerb.team\/index.php\/lizbeth-mg\/","og_locale":"en_US","og_type":"article","og_title":"Lizbeth Mondragon-Gonzalez - NERB","og_description":"Lead Data Scientist (Neurosciences + Digital Health) | Applied AI Research Engineer e-mail: sirenia.mondragon (at) icm-institute.org I am an applied research engineer [&hellip;]","og_url":"https:\/\/nerb.team\/index.php\/lizbeth-mg\/","og_site_name":"NERB","article_modified_time":"2025-11-04T14:59:48+00:00","og_image":[{"url":"http:\/\/nerb.team\/wp-content\/uploads\/2021\/03\/LiwProfil-300x300.png","type":"","width":"","height":""}],"twitter_card":"summary_large_image","twitter_misc":{"Est. reading time":"2 minutes"},"schema":{"@context":"https:\/\/schema.org","@graph":[{"@type":"WebPage","@id":"https:\/\/nerb.team\/index.php\/lizbeth-mg\/","url":"https:\/\/nerb.team\/index.php\/lizbeth-mg\/","name":"Lizbeth Mondragon-Gonzalez - NERB","isPartOf":{"@id":"https:\/\/nerb.team\/#website"},"primaryImageOfPage":{"@id":"https:\/\/nerb.team\/index.php\/lizbeth-mg\/#primaryimage"},"image":{"@id":"https:\/\/nerb.team\/index.php\/lizbeth-mg\/#primaryimage"},"thumbnailUrl":"http:\/\/nerb.team\/wp-content\/uploads\/2021\/03\/LiwProfil-300x300.png","datePublished":"2020-10-13T11:15:37+00:00","dateModified":"2025-11-04T14:59:48+00:00","breadcrumb":{"@id":"https:\/\/nerb.team\/index.php\/lizbeth-mg\/#breadcrumb"},"inLanguage":"en-US","potentialAction":[{"@type":"ReadAction","target":["https:\/\/nerb.team\/index.php\/lizbeth-mg\/"]}]},{"@type":"ImageObject","inLanguage":"en-US","@id":"https:\/\/nerb.team\/index.php\/lizbeth-mg\/#primaryimage","url":"http:\/\/nerb.team\/wp-content\/uploads\/2021\/03\/LiwProfil-300x300.png","contentUrl":"http:\/\/nerb.team\/wp-content\/uploads\/2021\/03\/LiwProfil-300x300.png"},{"@type":"BreadcrumbList","@id":"https:\/\/nerb.team\/index.php\/lizbeth-mg\/#breadcrumb","itemListElement":[{"@type":"ListItem","position":1,"name":"Home","item":"https:\/\/nerb.team\/"},{"@type":"ListItem","position":2,"name":"Lizbeth Mondragon-Gonzalez"}]},{"@type":"WebSite","@id":"https:\/\/nerb.team\/#website","url":"https:\/\/nerb.team\/","name":"NERB","description":"Neurophysiology of Repetitive Behaviors","publisher":{"@id":"https:\/\/nerb.team\/#organization"},"potentialAction":[{"@type":"SearchAction","target":{"@type":"EntryPoint","urlTemplate":"https:\/\/nerb.team\/?s={search_term_string}"},"query-input":{"@type":"PropertyValueSpecification","valueRequired":true,"valueName":"search_term_string"}}],"inLanguage":"en-US"},{"@type":"Organization","@id":"https:\/\/nerb.team\/#organization","name":"NERB","url":"https:\/\/nerb.team\/","logo":{"@type":"ImageObject","inLanguage":"en-US","@id":"https:\/\/nerb.team\/#\/schema\/logo\/image\/","url":"https:\/\/i0.wp.com\/nerb.team\/wp-content\/uploads\/2020\/03\/NERBlogo-e1583935714512.png?fit=735%2C328&ssl=1","contentUrl":"https:\/\/i0.wp.com\/nerb.team\/wp-content\/uploads\/2020\/03\/NERBlogo-e1583935714512.png?fit=735%2C328&ssl=1","width":735,"height":328,"caption":"NERB"},"image":{"@id":"https:\/\/nerb.team\/#\/schema\/logo\/image\/"}}]}},"jetpack_sharing_enabled":true,"_links":{"self":[{"href":"https:\/\/nerb.team\/index.php\/wp-json\/wp\/v2\/pages\/664","targetHints":{"allow":["GET"]}}],"collection":[{"href":"https:\/\/nerb.team\/index.php\/wp-json\/wp\/v2\/pages"}],"about":[{"href":"https:\/\/nerb.team\/index.php\/wp-json\/wp\/v2\/types\/page"}],"author":[{"embeddable":true,"href":"https:\/\/nerb.team\/index.php\/wp-json\/wp\/v2\/users\/3"}],"replies":[{"embeddable":true,"href":"https:\/\/nerb.team\/index.php\/wp-json\/wp\/v2\/comments?post=664"}],"version-history":[{"count":0,"href":"https:\/\/nerb.team\/index.php\/wp-json\/wp\/v2\/pages\/664\/revisions"}],"wp:attachment":[{"href":"https:\/\/nerb.team\/index.php\/wp-json\/wp\/v2\/media?parent=664"}],"curies":[{"name":"wp","href":"https:\/\/api.w.org\/{rel}","templated":true}]}}